{"id":1611,"date":"2024-05-06T20:26:24","date_gmt":"2024-05-06T20:26:24","guid":{"rendered":"https:\/\/lebonheurexport.com\/?page_id=1611"},"modified":"2024-05-06T20:38:57","modified_gmt":"2024-05-06T20:38:57","slug":"qui-sommes-nous","status":"publish","type":"page","link":"https:\/\/lebonheurexport.com\/en\/qui-sommes-nous\/","title":{"rendered":"WHO ARE WE"},"content":{"rendered":"<div data-elementor-type=\"wp-page\" data-elementor-id=\"1611\" class=\"elementor elementor-1611\" data-elementor-post-type=\"page\">\n\t\t\t\t\t\t<section class=\"elementor-section elementor-top-section elementor-element elementor-element-15fd72a elementor-section-boxed elementor-section-height-default elementor-section-height-default\" data-id=\"15fd72a\" data-element_type=\"section\" id=\"qui-sommes-nous\">\n\t\t\t\t\t\t<div class=\"elementor-container elementor-column-gap-default\">\n\t\t\t\t\t<div class=\"elementor-column elementor-col-100 elementor-top-column elementor-element elementor-element-e58fc89\" data-id=\"e58fc89\" data-element_type=\"column\">\n\t\t\t<div class=\"elementor-widget-wrap elementor-element-populated\">\n\t\t\t\t\t\t<div class=\"elementor-element elementor-element-531af74 section-2 elementor-widget elementor-widget-welcome-section\" data-id=\"531af74\" data-element_type=\"widget\" data-widget_type=\"welcome-section.default\">\n\t\t\t\t<div class=\"elementor-widget-container\">\n\t\t\t\t\t\t<div class=\"section-full p-t80 p-b50 bg-no-repeat bg-bottom-left\">\n            \t<div class=\"about-section-11\">\n\t\t\t\t\t<div class=\"section-content\">                 \n\t\t\t\t\t\t<div class=\"row justify-content-center d-flex\">\n\t\t\t\t\t\t\n\t\t\t\t\t\t\t<div class=\"col-lg-6 col-md-12 m-b30 about-max-11-position\">\n\t\t\t\t\t\t\t\t<div class=\"about-max-11\">\n\t\t\t\t\t\t\t\t\t<div class=\"about-max-11-media\"><img decoding=\"async\" src=\"https:\/\/lebonheurexport.com\/wp-content\/uploads\/2024\/05\/LE-BONHEUR-EXPORT-Personnalise-e1714952024588.jpg\" alt=\"img\"><\/div>\n\t\t\t\t\t\t\t\t\t<div class=\"ab-call-us\">\n\t\t\t\t\t\t\t\t\t\t<div class=\"wt-icon-box-wraper left bg-white p-a30\">\n\t\t\t\t\t\t\t\t\t\t\t<div class=\"icon-xl text-primary radius\">\n\t\t\t\t\t\t\t\t\t\t\t\t<span class=\"icon-cell  site-text-primary\"><i class=\"\"><\/i><\/span>\n\t\t\t\t\t\t\t\t\t\t\t<\/div>\n\t\t\t\t\t\t\t\t\t\t\t<div class=\"icon-content\">\n\t\t\t\t\t\t\t\t\t\t\t\t<h3 class=\"wt-tilte text-uppercase\"><\/h3>\n\t\t\t\t\t\t\t\t\t\t\t\t<p><\/p>\n\t\t\t\t\t\t\t\t\t\t\t<\/div>\n\t\t\t\t\t\t\t\t\t\t<\/div>\n\t\t\t\t\t\t\t\t\t<\/div>\n\t\t\t\t\t\t\t\t<\/div>\n\t\t\t\t\t\t\t<\/div>  \n\t\t\t\t\t\t\t<div class=\"col-lg-6 col-md-12 m-b30\">\n\t\t\t\t\t\t\t\t<div class=\"about-section-11-right\">\n\t\t\t\t\t\t\t\t\t<!-- TITLE START-->\n\t\t\t\t\t\t\t\t\t<div class=\"section-head left wt-small-separator-outer\">\n\t\t\t\t\t\t\t\t\t\t<div class=\"wt-small-separator site-text-primary\">\n\t\t\t\t\t\t\t\t\t\t\t<div> WELCOME TO<\/div>\n\t\t\t\t\t\t\t\t\t\t<\/div>\n\t\t\t\t\t\t\t\t\t\t<h2>LE BONHEUR <span>EXPORT<\/span> <\/h2>\n\t\t\t\t\t\t\t\t\t<\/div>\n\t\t\t\t\t\t\t\t\t<!-- TITLE END-->\n\n\t\t\t\t\t\t\t\t\t\t\t\t\t\t\t\t\t\t\t<div class=\"about-one\">\n\t\t\t\t\t\t\t\t\t\t\t<p class=\"\">Discover <strong>EURL LE BONHEUR EXPORT<\/strong>, Your preferred partner for the export of goods from<strong>Alg\u00e9rie<\/strong> to the whole world.\n\nWith our expertise and our extensive network, we offer you tailor-made solutions for the export of all types of products, except hydrocarbons. From textiles to agri-food, including crafts and much more, we facilitate your commercial exchanges by ensuring quality, reliability and efficiency in a multitude of sectors, namely:<\/p>\n<ul class=\"checklist\">\n<li><i class=\"fa fa-check-square-o\"><\/i> Agri-food<\/li>\n<li><i class=\"fa fa-check-square-o\"><\/i> Metallurgy<\/li>\n<li><i class=\"fa fa-check-square-o\"><\/i> Cements<\/li>\n\n<\/ul>\n<ul class=\"checklist2\">\n<li class=\"\"><i class=\"fa fa-check-square-o\"><\/i> Edible oils<\/li>\n<li class=\"\"><i class=\"fa fa-check-square-o\"><\/i>Medical products.<\/li>\n<li class=\"\"><i class=\"fa fa-check-square-o\"><\/i>And many others.<\/li>\n<\/ul>\t\t\t\t\t\t\t\t\t\t<\/div>\n\t\t\t\t\t\t\t\t\t\t\t\t\t\t\t\t\t\t\t<a href=\"#nos-produits\" class=\"site-button site-btn-effect\">Contact us<\/a>\n\t\t\t\t\t\t\t\t<\/div>\n\t\t\t\t\t\t\t<\/div>\n\t\t\t\t\t\t<\/div>\n\t\t\t\t\t<\/div> \n                <\/div>\n            <\/div>\n\t\t\t\t\t<\/div>\n\t\t\t\t<\/div>\n\t\t\t\t\t<\/div>\n\t\t<\/div>\n\t\t\t\t\t<\/div>\n\t\t<\/section>\n\t\t\t\t<section class=\"elementor-section elementor-top-section elementor-element elementor-element-95c278b elementor-section-full_width elementor-section-height-default elementor-section-height-default\" data-id=\"95c278b\" data-element_type=\"section\">\n\t\t\t\t\t\t<div class=\"elementor-container elementor-column-gap-default\">\n\t\t\t\t\t<div class=\"elementor-column elementor-col-100 elementor-top-column elementor-element elementor-element-6f76438\" data-id=\"6f76438\" data-element_type=\"column\">\n\t\t\t<div class=\"elementor-widget-wrap elementor-element-populated\">\n\t\t\t\t\t\t<div class=\"elementor-element elementor-element-bf42108 elementor-widget elementor-widget-info-section\" data-id=\"bf42108\" data-element_type=\"widget\" data-widget_type=\"info-section.default\">\n\t\t\t\t<div class=\"elementor-widget-container\">\n\t\t\t\t\t\t<!-- QUALITY SECTION START -->\n            <div class=\"section-full p-t80 overlay-wraper bg-top-center bg-center\" style=\"background-image:url(https:\/\/lebonheurexport.com\/wp-content\/uploads\/2024\/05\/le-bonheur-export-algerie-tout-type-marchandise-sauf-hydraucarbures-_0012_Calque-0dd.jpg)\">\n                <div class=\"overlay-main bg-black opacity-01\"><\/div>\n                <div class=\"container\">\n                    <!-- TITLE START-->\n                    <div class=\"section-head center wt-small-separator-outer text-center text-white\">\n                        <div class=\"wt-small-separator site-text-white\">\n                            <div  class=\"sep-leaf-left\"><\/div>\n                            <div>LE BONHEUR EXPORT<\/div>\n                            <div  class=\"sep-leaf-right\"><\/div>\n                        <\/div>\n                        <h2>Good to know<\/h2>\n                    <\/div>\n                    <!-- TITLE END-->\n                <\/div>    \n                <div class=\"section-content quality-section-outer bg-gray-light\" style=\"background-image:url(https:\/\/lebonheurexport.com\/wp-content\/themes\/industroz\/assets\/images\/bg-map.png)\">\n                    <div class=\"container\">\n                        <div class=\"quality-section-content\">\n                            <div class=\"counter-outer\">\n                                <div class=\"row justify-content-center\">\n                                    \t\t\t\t\t\t\t\t\t\t<div class=\"col-lg-3 col-md-6 col-sm-6 m-b30\">\n\t\t\t\t\t\t\t\t\t\t\t<div class=\"wt-icon-box-wraper center bg-gray-light p-a20\">\n\t\t\t\t\t\t\t\t\t\t\t\t<h2 class=\"counter site-text-primary m-b0\">3<\/h2>\n\t\t\t\t\t\t\t\t\t\t\t\t<span class=\"site-text-secondry title-style-2\">years of experience <\/span>\n\t\t\t\t\t\t\t\t\t\t\t<\/div>\n\t\t\t\t\t\t\t\t\t\t<\/div>\n\t\t\t\t\t\t\t\t\t\t\t\t\t\t\t\t\t\t\t\t<div class=\"col-lg-3 col-md-6 col-sm-6 m-b30\">\n\t\t\t\t\t\t\t\t\t\t\t<div class=\"wt-icon-box-wraper center bg-gray-light p-a20\">\n\t\t\t\t\t\t\t\t\t\t\t\t<h2 class=\"counter site-text-primary m-b0\">50<\/h2>\n\t\t\t\t\t\t\t\t\t\t\t\t<span class=\"site-text-secondry title-style-2\">Clients<\/span>\n\t\t\t\t\t\t\t\t\t\t\t<\/div>\n\t\t\t\t\t\t\t\t\t\t<\/div>\n\t\t\t\t\t\t\t\t\t\t  \n                                <\/div>\n                            <\/div>\n                        <\/div>\n                        <div class=\"quality-video-section\">\n                            <span>LE BONHEUR EXPORT your trusted partner for the export of all types of goods other than hydrocarbons\n\n- We offer high-quality tailor-made services tailored to your specific needs. Our attentive customer service guarantees your satisfaction at every stage of your project.<\/span>\n                                                    <\/div>\n                    <\/div>\n                <\/div>      \n            <\/div> \n\t\t\t\t\t<\/div>\n\t\t\t\t<\/div>\n\t\t\t\t<div class=\"elementor-element elementor-element-b4140aa pnc elementor-widget elementor-widget-what-we-do\" data-id=\"b4140aa\" data-element_type=\"widget\" data-widget_type=\"what-we-do.default\">\n\t\t\t\t<div class=\"elementor-widget-container\">\n\t\t\t\t\t\t<div class=\"section-full p-t80 p-b60 what-we-do-section\">\n\t\t\t\t<div class=\"container\">                      \n\t\t\t\t\t<div class=\"section-content what-we-do-content\">\n\t\t\t\t\t\t<div class=\"row\">\n\t\t\t\t\t\t\t<div class=\"col-lg-6 col-md-12\">\n\t\t\t\t\t\t\t\t<div class=\"whatWedo-media-section\">\n\t\t\t\t\t\t\t\t\t<div class=\"wt-media\">\n\t\t\t\t\t\t\t\t\t\t<img decoding=\"async\" src=\"https:\/\/lebonheurexport.com\/wp-content\/uploads\/2024\/05\/le-bonheur-export-algerie-tout-type-marchandise-sauf-hydraucarbures-_0000_e8ee6a6349-33.jpg\" alt=\"img\">\n\t\t\t\t\t\t\t\t\t<\/div>\n\t\t\t\t\t\t\t\t\t<div class=\"whatWedo-media-content text-white\">\n\t\t\t\t\t\t\t\t\t\t<div class=\"whatWedo-media-inner\">\n\t\t\t\t\t\t\t\t\t\t\t<h3>We are always at your service<\/h3>\n\t\t\t\t\t\t\t\t\t\t\t<p>We will give you the benefit of our solid experience of over 3 years<\/p>\n\t\t\t\t\t\t\t\t\t\t<\/div>\n\t\t\t\t\t\t\t\t\t<\/div>\n\t\t\t\t\t\t\t\t<\/div>\n\t\t\t\t\t\t\t<\/div> \n\n\t\t\t\t\t\t\t<div class=\"col-lg-6 col-md-12\">\n\t\t\t\t\t\t\t\t<div class=\"whatWedo-info-section\">\n\t\t\t\t\t\t\t\t\t<!-- TITLE START-->\n\t\t\t\t\t\t\t\t\t<div class=\"left wt-small-separator-outer\">\n\t\t\t\t\t\t\t\t\t\t<div class=\"wt-small-separator site-text-primary\">\n\t\t\t\t\t\t\t\t\t\t\t<div class=\"sep-leaf-left\"><\/div>\n\t\t\t\t\t\t\t\t\t\t\t<div>LE BONHEUR EXPORT<\/div>\n\t\t\t\t\t\t\t\t\t\t\t<div class=\"sep-leaf-right\"><\/div>\n\t\t\t\t\t\t\t\t\t\t<\/div>\n\t\t\t\t\t\t\t\t\t\t<h2>Why choose us ?<\/h2>\n\t\t\t\t\t\t\t\t\t\t<p><ul>\n    <li><h4>Local expertise and global network.<\/h4><\/li>\n    <li><h4>Tailor-made solutions for each client.<\/h4><\/li>\n    <li><h4>Guaranteed quality and transparency.<\/h4><\/li>\n    <li><h4>Personalized support at each stage.<\/h4><\/li>\n    <li><h4>Constant innovation and respect for the environment.<\/h4><\/li>\n    <li><h4>Ethical values and shared success.<\/h4><\/li>\n<\/ul>\n<\/p>\n\n\t\t\t\t\t\t\t\t\t<\/div>\n\t\t\t\t\t\t\t\t\t<!-- TITLE END-->\n\t\t\t\t\t\t\t\t\t<div class=\"wt-icon-card-outer\">\n\t\t\t\t\t\t\t\t\t\t\t\t\t\t\t\t\t\t\t\t\t<div class=\"wt-icon-card bg-white shadow\">\n\t\t\t\t\t\t\t\t\t\t\t\t<div class=\"wt-card-header\">\n\t\t\t\t\t\t\t\t\t\t\t\t\t<i class=\"site-text-primary\"><\/i>\n\t\t\t\t\t\t\t\t\t\t\t\t\t<span class=\"title-style-2 site-text-secondry\"><\/span>\n\t\t\t\t\t\t\t\t\t\t\t\t<\/div>\n\t\t\t\t\t\t\t\t\t\t\t\t<div class=\"wt-card-content\"><p><\/p><\/div>\n\t\t\t\t\t\t\t\t\t\t\t<\/div>\n\t\t\t\t\t\t\t\t\t\t\t\t\t\t\t\t\t\t\t\t<\/div>\n\t\t\t\t\t\t\t\t<\/div>                        \n\t\t\t\t\t\t\t<\/div> \n\t\t\t\t\t\t<\/div>\n\t\t\t\t\t<\/div>                                        \n\t\t\t\t<\/div>\n\t\t\t<\/div>\n\t\t\t\t\t<\/div>\n\t\t\t\t<\/div>\n\t\t\t\t\t<\/div>\n\t\t<\/div>\n\t\t\t\t\t<\/div>\n\t\t<\/section>\n\t\t\t\t<\/div>","protected":false},"excerpt":{"rendered":"<p>SOYEZ LES BIENVENUES CHEZ LE BONHEUR EXPORT D\u00e9couvrez EURL LE BONHEUR EXPORT, Votre partenaire privil\u00e9gi\u00e9 pour l&rsquo;exportation de marchandises depuis l&rsquo;Alg\u00e9rie vers le monde entier. Avec notre expertise et notre r\u00e9seau \u00e9tendu, nous vous offrons des solutions sur mesure pour l&rsquo;exportation de tout type de produits, sauf les hydrocarbures. Du textile \u00e0 l&rsquo;agroalimentaire, en passant [&hellip;]<\/p>","protected":false},"author":1,"featured_media":1079,"parent":0,"menu_order":0,"comment_status":"closed","ping_status":"closed","template":"","meta":{"_acf_changed":false,"footnotes":""},"acf":[],"_links":{"self":[{"href":"https:\/\/lebonheurexport.com\/en\/wp-json\/wp\/v2\/pages\/1611"}],"collection":[{"href":"https:\/\/lebonheurexport.com\/en\/wp-json\/wp\/v2\/pages"}],"about":[{"href":"https:\/\/lebonheurexport.com\/en\/wp-json\/wp\/v2\/types\/page"}],"author":[{"embeddable":true,"href":"https:\/\/lebonheurexport.com\/en\/wp-json\/wp\/v2\/users\/1"}],"replies":[{"embeddable":true,"href":"https:\/\/lebonheurexport.com\/en\/wp-json\/wp\/v2\/comments?post=1611"}],"version-history":[{"count":7,"href":"https:\/\/lebonheurexport.com\/en\/wp-json\/wp\/v2\/pages\/1611\/revisions"}],"predecessor-version":[{"id":1619,"href":"https:\/\/lebonheurexport.com\/en\/wp-json\/wp\/v2\/pages\/1611\/revisions\/1619"}],"wp:featuredmedia":[{"embeddable":true,"href":"https:\/\/lebonheurexport.com\/en\/wp-json\/wp\/v2\/media\/1079"}],"wp:attachment":[{"href":"https:\/\/lebonheurexport.com\/en\/wp-json\/wp\/v2\/media?parent=1611"}],"curies":[{"name":"wp","href":"https:\/\/api.w.org\/{rel}","templated":true}]}}